{"id":42,"date":"2014-09-12T08:15:20","date_gmt":"2014-09-12T08:15:20","guid":{"rendered":"http:\/\/zweckverband-schluettsiel.de\/?page_id=42"},"modified":"2014-12-10T10:48:21","modified_gmt":"2014-12-10T10:48:21","slug":"home2","status":"publish","type":"page","link":"http:\/\/zweckverband-schluettsiel.de\/","title":{"rendered":"Home"},"content":{"rendered":"<p><strong>Herzlich willkommen auf der Internetseite des Zweckverbandes Schl\u00fcttsiel! <\/strong><\/p>\n<p style=\"text-align: justify;\">In Anerkennung der gemeinsamen Verantwortung f\u00fcr den K\u00fcstenstandort Schl\u00fcttsiel, insbesondere zur Erhaltung und Verbesserung des F\u00e4hrhafens, der Tourismus- und Informations-Infrastruktur sowie zur F\u00f6rderung des Naturerlebnisses, wurde der \u201eZweckverband Schl\u00fcttsiel\u201c gebildet.<\/p>\n<p style=\"text-align: justify;\">Der Zweckverband Schl\u00fcttsiel ist ein Zusammenschluss der Gemeinden Bargum, Bordelum, Langenhorn, Ockholm und Reu\u00dfenk\u00f6ge sowie dem Amt Pellworm.<\/p>\n","protected":false},"excerpt":{"rendered":"<p>Herzlich willkommen auf der Internetseite des Zweckverbandes Schl\u00fcttsiel! In Anerkennung der gemeinsamen Verantwortung f\u00fcr den K\u00fcstenstandort Schl\u00fcttsiel, insbesondere zur Erhaltung und Verbesserung des F\u00e4hrhafens, der Tourismus- und Informations-Infrastruktur sowie zur F\u00f6rderung des Naturerlebnisses, wurde der \u201eZweckverband Schl\u00fcttsiel\u201c gebildet. Der Zweckverband Schl\u00fcttsiel ist ein Zusammenschluss der Gemeinden Bargum, Bordelum, Langenhorn, Ockholm und Reu\u00dfenk\u00f6ge sowie dem Amt &hellip; <a href=\"http:\/\/zweckverband-schluettsiel.de\/\" class=\"more-link\"><span class=\"screen-reader-text\">Home<\/span> weiterlesen <span class=\"meta-nav\">&rarr;<\/span><\/a><\/p>\n","protected":false},"author":1,"featured_media":0,"parent":0,"menu_order":0,"comment_status":"closed","ping_status":"closed","template":"","meta":[],"_links":{"self":[{"href":"http:\/\/zweckverband-schluettsiel.de\/index.php?rest_route=\/wp\/v2\/pages\/42"}],"collection":[{"href":"http:\/\/zweckverband-schluettsiel.de\/index.php?rest_route=\/wp\/v2\/pages"}],"about":[{"href":"http:\/\/zweckverband-schluettsiel.de\/index.php?rest_route=\/wp\/v2\/types\/page"}],"author":[{"embeddable":true,"href":"http:\/\/zweckverband-schluettsiel.de\/index.php?rest_route=\/wp\/v2\/users\/1"}],"replies":[{"embeddable":true,"href":"http:\/\/zweckverband-schluettsiel.de\/index.php?rest_route=%2Fwp%2Fv2%2Fcomments&post=42"}],"version-history":[{"count":3,"href":"http:\/\/zweckverband-schluettsiel.de\/index.php?rest_route=\/wp\/v2\/pages\/42\/revisions"}],"predecessor-version":[{"id":126,"href":"http:\/\/zweckverband-schluettsiel.de\/index.php?rest_route=\/wp\/v2\/pages\/42\/revisions\/126"}],"wp:attachment":[{"href":"http:\/\/zweckverband-schluettsiel.de\/index.php?rest_route=%2Fwp%2Fv2%2Fmedia&parent=42"}],"curies":[{"name":"wp","href":"https:\/\/api.w.org\/{rel}","templated":true}]}}